{"id":3775,"date":"2022-11-26T13:42:15","date_gmt":"2022-11-26T13:42:15","guid":{"rendered":"https:\/\/www.antiba.it\/?page_id=3775"},"modified":"2025-11-23T14:08:21","modified_gmt":"2025-11-23T14:08:21","slug":"conceria-sperimentale","status":"publish","type":"page","link":"https:\/\/www.antiba.it\/en\/conceria-sperimentale\/","title":{"rendered":"Experimental Tannery"},"content":{"rendered":"<div data-elementor-type=\"wp-page\" data-elementor-id=\"3775\" class=\"elementor elementor-3775\" data-elementor-post-type=\"page\">\n\t\t\t\t\t\t<section class=\"elementor-section elementor-top-section elementor-element elementor-element-33670ffb elementor-section-height-min-height elementor-section-boxed elementor-section-height-default elementor-section-items-middle\" data-id=\"33670ffb\" data-element_type=\"section\" data-settings=\"{&quot;background_background&quot;:&quot;classic&quot;}\">\n\t\t\t\t\t\t\t<div class=\"elementor-background-overlay\"><\/div>\n\t\t\t\t\t\t\t<div class=\"elementor-container elementor-column-gap-default\">\n\t\t\t\t\t<div class=\"elementor-column elementor-col-100 elementor-top-column elementor-element elementor-element-5d60d82e\" data-id=\"5d60d82e\" data-element_type=\"column\">\n\t\t\t<div class=\"elementor-widget-wrap elementor-element-populated\">\n\t\t\t\t\t\t<div class=\"elementor-element elementor-element-649639e4 elementor-widget elementor-widget-heading\" data-id=\"649639e4\" data-element_type=\"widget\" data-widget_type=\"heading.default\">\n\t\t\t\t<div class=\"elementor-widget-container\">\n\t\t\t\t\t<h2 class=\"elementor-heading-title elementor-size-default\">Experimental Tannery<\/h2>\t\t\t\t<\/div>\n\t\t\t\t<\/div>\n\t\t\t\t<div class=\"elementor-element elementor-element-22380ab6 elementor-hidden-desktop elementor-hidden-tablet elementor-hidden-mobile elementor-widget elementor-widget-heading\" data-id=\"22380ab6\" data-element_type=\"widget\" data-widget_type=\"heading.default\">\n\t\t\t\t<div class=\"elementor-widget-container\">\n\t\t\t\t\t<h2 class=\"elementor-heading-title elementor-size-default\">Antiba \u00e8 la conceria con cui prototipare<\/h2>\t\t\t\t<\/div>\n\t\t\t\t<\/div>\n\t\t\t\t\t<\/div>\n\t\t<\/div>\n\t\t\t\t\t<\/div>\n\t\t<\/section>\n\t\t\t\t<section class=\"elementor-section elementor-top-section elementor-element elementor-element-2424a211 elementor-section-boxed elementor-section-height-default elementor-section-height-default\" data-id=\"2424a211\" data-element_type=\"section\" data-settings=\"{&quot;background_background&quot;:&quot;classic&quot;}\">\n\t\t\t\t\t\t<div class=\"elementor-container elementor-column-gap-default\">\n\t\t\t\t\t<div class=\"elementor-column elementor-col-100 elementor-top-column elementor-element elementor-element-77689356\" data-id=\"77689356\" data-element_type=\"column\">\n\t\t\t<div class=\"elementor-widget-wrap elementor-element-populated\">\n\t\t\t\t\t\t<section class=\"elementor-section elementor-inner-section elementor-element elementor-element-7c6f27c3 elementor-section-boxed elementor-section-height-default elementor-section-height-default\" data-id=\"7c6f27c3\" data-element_type=\"section\">\n\t\t\t\t\t\t<div class=\"elementor-container elementor-column-gap-default\">\n\t\t\t\t\t<div class=\"elementor-column elementor-col-50 elementor-inner-column elementor-element elementor-element-6871d616\" data-id=\"6871d616\" data-element_type=\"column\">\n\t\t\t<div class=\"elementor-widget-wrap elementor-element-populated\">\n\t\t\t\t\t\t<div class=\"elementor-element elementor-element-204f927b elementor-widget elementor-widget-heading\" data-id=\"204f927b\" data-element_type=\"widget\" data-widget_type=\"heading.default\">\n\t\t\t\t<div class=\"elementor-widget-container\">\n\t\t\t\t\t<h2 class=\"elementor-heading-title elementor-size-default\">Prototyping and Research<\/h2>\t\t\t\t<\/div>\n\t\t\t\t<\/div>\n\t\t\t\t<div class=\"elementor-element elementor-element-73d7734f elementor-widget elementor-widget-text-editor\" data-id=\"73d7734f\" data-element_type=\"widget\" data-widget_type=\"text-editor.default\">\n\t\t\t\t<div class=\"elementor-widget-container\">\n\t\t\t\t\t\t\t\t\t<p>The company sets itself as a loyal partner for many luxury customers thanks to its ability to prototype new high-performance articles from a technical and esthetical point of view.<\/p><p>Research is a cross-activity in the tannery, and the synergy built over the years between Antiba\u2019s sales and production teams has made it possible to transform customers\u2019 requests into industrialized articles which gained positive feedback from the market.<\/p>\t\t\t\t\t\t\t\t<\/div>\n\t\t\t\t<\/div>\n\t\t\t\t\t<\/div>\n\t\t<\/div>\n\t\t\t\t<div class=\"elementor-column elementor-col-50 elementor-inner-column elementor-element elementor-element-386b980a\" data-id=\"386b980a\" data-element_type=\"column\">\n\t\t\t<div class=\"elementor-widget-wrap elementor-element-populated\">\n\t\t\t\t\t\t<div class=\"elementor-element elementor-element-41a2f6a5 as-image-card elementor-invisible elementor-widget elementor-widget-image\" data-id=\"41a2f6a5\" data-element_type=\"widget\" data-settings=\"{&quot;_animation&quot;:&quot;fadeIn&quot;}\" data-widget_type=\"image.default\">\n\t\t\t\t<div class=\"elementor-widget-container\">\n\t\t\t\t\t\t\t\t\t\t\t\t\t\t\t<img loading=\"lazy\" decoding=\"async\" width=\"2560\" height=\"1708\" src=\"https:\/\/www.antiba.it\/wp-content\/uploads\/2022\/12\/DSC_2268-scaled.webp\" class=\"attachment-full size-full wp-image-4344\" alt=\"\" srcset=\"https:\/\/www.antiba.it\/wp-content\/uploads\/2022\/12\/DSC_2268-scaled.webp 2560w, https:\/\/www.antiba.it\/wp-content\/uploads\/2022\/12\/DSC_2268-300x200.webp 300w, https:\/\/www.antiba.it\/wp-content\/uploads\/2022\/12\/DSC_2268-1024x683.webp 1024w, https:\/\/www.antiba.it\/wp-content\/uploads\/2022\/12\/DSC_2268-768x513.webp 768w, https:\/\/www.antiba.it\/wp-content\/uploads\/2022\/12\/DSC_2268-1536x1025.webp 1536w, https:\/\/www.antiba.it\/wp-content\/uploads\/2022\/12\/DSC_2268-2048x1367.webp 2048w, https:\/\/www.antiba.it\/wp-content\/uploads\/2022\/12\/DSC_2268-18x12.webp 18w\" sizes=\"auto, (max-width: 2560px) 100vw, 2560px\" \/>\t\t\t\t\t\t\t\t\t\t\t\t\t\t\t<\/div>\n\t\t\t\t<\/div>\n\t\t\t\t\t<\/div>\n\t\t<\/div>\n\t\t\t\t\t<\/div>\n\t\t<\/section>\n\t\t\t\t\t<\/div>\n\t\t<\/div>\n\t\t\t\t\t<\/div>\n\t\t<\/section>\n\t\t\t\t<section class=\"elementor-section elementor-top-section elementor-element elementor-element-6ae8ac53 elementor-section-boxed elementor-section-height-default elementor-section-height-default\" data-id=\"6ae8ac53\" data-element_type=\"section\" data-settings=\"{&quot;background_background&quot;:&quot;classic&quot;}\">\n\t\t\t\t\t\t<div class=\"elementor-container elementor-column-gap-default\">\n\t\t\t\t\t<div class=\"elementor-column elementor-col-100 elementor-top-column elementor-element elementor-element-21f54fc6\" data-id=\"21f54fc6\" data-element_type=\"column\">\n\t\t\t<div class=\"elementor-widget-wrap elementor-element-populated\">\n\t\t\t\t\t\t<section class=\"elementor-section elementor-inner-section elementor-element elementor-element-c89ff90 elementor-reverse-tablet elementor-reverse-mobile elementor-section-boxed elementor-section-height-default elementor-section-height-default\" data-id=\"c89ff90\" data-element_type=\"section\">\n\t\t\t\t\t\t<div class=\"elementor-container elementor-column-gap-default\">\n\t\t\t\t\t<div class=\"elementor-column elementor-col-50 elementor-inner-column elementor-element elementor-element-7a26d77e\" data-id=\"7a26d77e\" data-element_type=\"column\">\n\t\t\t<div class=\"elementor-widget-wrap elementor-element-populated\">\n\t\t\t\t\t\t<div class=\"elementor-element elementor-element-10fa0768 as-image-card elementor-invisible elementor-widget elementor-widget-image\" data-id=\"10fa0768\" data-element_type=\"widget\" data-settings=\"{&quot;_animation&quot;:&quot;fadeIn&quot;}\" data-widget_type=\"image.default\">\n\t\t\t\t<div class=\"elementor-widget-container\">\n\t\t\t\t\t\t\t\t\t\t\t\t\t\t\t<img loading=\"lazy\" decoding=\"async\" width=\"2560\" height=\"1707\" src=\"https:\/\/www.antiba.it\/wp-content\/uploads\/2025\/11\/Emilia-foto-scaled.webp\" class=\"attachment-full size-full wp-image-6105\" alt=\"\" srcset=\"https:\/\/www.antiba.it\/wp-content\/uploads\/2025\/11\/Emilia-foto-scaled.webp 2560w, https:\/\/www.antiba.it\/wp-content\/uploads\/2025\/11\/Emilia-foto-300x200.webp 300w, https:\/\/www.antiba.it\/wp-content\/uploads\/2025\/11\/Emilia-foto-1024x683.webp 1024w, https:\/\/www.antiba.it\/wp-content\/uploads\/2025\/11\/Emilia-foto-768x512.webp 768w, https:\/\/www.antiba.it\/wp-content\/uploads\/2025\/11\/Emilia-foto-1536x1024.webp 1536w, https:\/\/www.antiba.it\/wp-content\/uploads\/2025\/11\/Emilia-foto-2048x1366.webp 2048w, https:\/\/www.antiba.it\/wp-content\/uploads\/2025\/11\/Emilia-foto-18x12.webp 18w\" sizes=\"auto, (max-width: 2560px) 100vw, 2560px\" \/>\t\t\t\t\t\t\t\t\t\t\t\t\t\t\t<\/div>\n\t\t\t\t<\/div>\n\t\t\t\t\t<\/div>\n\t\t<\/div>\n\t\t\t\t<div class=\"elementor-column elementor-col-50 elementor-inner-column elementor-element elementor-element-3c791346\" data-id=\"3c791346\" data-element_type=\"column\">\n\t\t\t<div class=\"elementor-widget-wrap elementor-element-populated\">\n\t\t\t\t\t\t<div class=\"elementor-element elementor-element-6a1dfc80 elementor-widget elementor-widget-heading\" data-id=\"6a1dfc80\" data-element_type=\"widget\" data-widget_type=\"heading.default\">\n\t\t\t\t<div class=\"elementor-widget-container\">\n\t\t\t\t\t<h2 class=\"elementor-heading-title elementor-size-default\">Customer Service<\/h2>\t\t\t\t<\/div>\n\t\t\t\t<\/div>\n\t\t\t\t<div class=\"elementor-element elementor-element-63b02a13 elementor-widget elementor-widget-text-editor\" data-id=\"63b02a13\" data-element_type=\"widget\" data-widget_type=\"text-editor.default\">\n\t\t\t\t<div class=\"elementor-widget-container\">\n\t\t\t\t\t\t\t\t\t<p>The experimental tannery department is designed for research and prototyping. This area has been conceived and equipped in order to replicate the tannery\u2019s production process on a small scale.<\/p><p>The specialised team is fully committed to experimenting with new articles at the customer\u2019s request and, at the same time, it tests new materials and recipes via specifically installed drums.<\/p>\t\t\t\t\t\t\t\t<\/div>\n\t\t\t\t<\/div>\n\t\t\t\t\t<\/div>\n\t\t<\/div>\n\t\t\t\t\t<\/div>\n\t\t<\/section>\n\t\t\t\t\t<\/div>\n\t\t<\/div>\n\t\t\t\t\t<\/div>\n\t\t<\/section>\n\t\t\t\t<\/div>","protected":false},"excerpt":{"rendered":"<p>Conceria Sperimentale Antiba \u00e8 la conceria con cui prototipare Prototipazione e Ricerca L&#8217;azienda si \u00e8 imposta come partner fidato di molti clienti del lusso anche grazie alla capacit\u00e0 di prototipare nuovi articoli performanti sia da un punto di vista tecnico che estetico. La ricerca \u00e8 un&#8217;attivit\u00e0 trasversale in conceria e negli anni la sinergia tra [&hellip;]<\/p>","protected":false},"author":1,"featured_media":0,"parent":0,"menu_order":0,"comment_status":"closed","ping_status":"closed","template":"","meta":{"site-sidebar-layout":"no-sidebar","site-content-layout":"page-builder","ast-site-content-layout":"default","site-content-style":"default","site-sidebar-style":"default","ast-global-header-display":"","ast-banner-title-visibility":"","ast-main-header-display":"","ast-hfb-above-header-display":"","ast-hfb-below-header-display":"","ast-hfb-mobile-header-display":"","site-post-title":"disabled","ast-breadcrumbs-content":"","ast-featured-img":"disabled","footer-sml-layout":"","theme-transparent-header-meta":"default","adv-header-id-meta":"","stick-header-meta":"","header-above-stick-meta":"","header-main-stick-meta":"","header-below-stick-meta":"","astra-migrate-meta-layouts":"default","ast-page-background-enabled":"default","ast-page-background-meta":{"desktop":{"background-color":"var(--ast-global-color-4)","background-image":"","background-repeat":"repeat","background-position":"center center","background-size":"auto","background-attachment":"scroll","background-type":"","background-media":"","overlay-type":"","overlay-color":"","overlay-opacity":"","overlay-gradient":""},"tablet":{"background-color":"","background-image":"","background-repeat":"repeat","background-position":"center center","background-size":"auto","background-attachment":"scroll","background-type":"","background-media":"","overlay-type":"","overlay-color":"","overlay-opacity":"","overlay-gradient":""},"mobile":{"background-color":"","background-image":"","background-repeat":"repeat","background-position":"center center","background-size":"auto","background-attachment":"scroll","background-type":"","background-media":"","overlay-type":"","overlay-color":"","overlay-opacity":"","overlay-gradient":""}},"ast-content-background-meta":{"desktop":{"background-color":"var(--ast-global-color-5)","background-image":"","background-repeat":"repeat","background-position":"center center","background-size":"auto","background-attachment":"scroll","background-type":"","background-media":"","overlay-type":"","overlay-color":"","overlay-opacity":"","overlay-gradient":""},"tablet":{"background-color":"var(--ast-global-color-5)","background-image":"","background-repeat":"repeat","background-position":"center center","background-size":"auto","background-attachment":"scroll","background-type":"","background-media":"","overlay-type":"","overlay-color":"","overlay-opacity":"","overlay-gradient":""},"mobile":{"background-color":"var(--ast-global-color-5)","background-image":"","background-repeat":"repeat","background-position":"center center","background-size":"auto","background-attachment":"scroll","background-type":"","background-media":"","overlay-type":"","overlay-color":"","overlay-opacity":"","overlay-gradient":""}},"footnotes":""},"class_list":["post-3775","page","type-page","status-publish","hentry"],"yoast_head":"<!-- This site is optimized with the Yoast SEO plugin v27.4 - https:\/\/yoast.com\/product\/yoast-seo-wordpress\/ -->\n<title>Experimental Tannery - Antiba<\/title>\n<meta name=\"robots\" content=\"index, follow, max-snippet:-1, max-image-preview:large, max-video-preview:-1\" \/>\n<link rel=\"canonical\" href=\"https:\/\/www.antiba.it\/en\/conceria-sperimentale\/\" \/>\n<meta property=\"og:locale\" content=\"en_US\" \/>\n<meta property=\"og:type\" content=\"article\" \/>\n<meta property=\"og:title\" content=\"Experimental Tannery - Antiba\" \/>\n<meta property=\"og:description\" content=\"Conceria Sperimentale Antiba \u00e8 la conceria con cui prototipare Prototipazione e Ricerca L&#8217;azienda si \u00e8 imposta come partner fidato di molti clienti del lusso anche grazie alla capacit\u00e0 di prototipare nuovi articoli performanti sia da un punto di vista tecnico che estetico. La ricerca \u00e8 un&#8217;attivit\u00e0 trasversale in conceria e negli anni la sinergia tra [&hellip;]\" \/>\n<meta property=\"og:url\" content=\"https:\/\/www.antiba.it\/en\/conceria-sperimentale\/\" \/>\n<meta property=\"og:site_name\" content=\"Antiba\" \/>\n<meta property=\"article:modified_time\" content=\"2025-11-23T14:08:21+00:00\" \/>\n<meta property=\"og:image\" content=\"https:\/\/www.antiba.it\/wp-content\/uploads\/2022\/12\/DSC_2268-scaled.webp\" \/>\n\t<meta property=\"og:image:width\" content=\"2560\" \/>\n\t<meta property=\"og:image:height\" content=\"1708\" \/>\n\t<meta property=\"og:image:type\" content=\"image\/webp\" \/>\n<meta name=\"twitter:card\" content=\"summary_large_image\" \/>\n<meta name=\"twitter:label1\" content=\"Est. reading time\" \/>\n\t<meta name=\"twitter:data1\" content=\"2 minutes\" \/>\n<script type=\"application\/ld+json\" class=\"yoast-schema-graph\">{\"@context\":\"https:\\\/\\\/schema.org\",\"@graph\":[{\"@type\":\"WebPage\",\"@id\":\"https:\\\/\\\/www.antiba.it\\\/conceria-sperimentale\\\/\",\"url\":\"https:\\\/\\\/www.antiba.it\\\/conceria-sperimentale\\\/\",\"name\":\"Experimental Tannery - Antiba\",\"isPartOf\":{\"@id\":\"https:\\\/\\\/www.antiba.it\\\/#website\"},\"primaryImageOfPage\":{\"@id\":\"https:\\\/\\\/www.antiba.it\\\/conceria-sperimentale\\\/#primaryimage\"},\"image\":{\"@id\":\"https:\\\/\\\/www.antiba.it\\\/conceria-sperimentale\\\/#primaryimage\"},\"thumbnailUrl\":\"https:\\\/\\\/www.antiba.it\\\/wp-content\\\/uploads\\\/2022\\\/12\\\/DSC_2268-scaled.webp\",\"datePublished\":\"2022-11-26T13:42:15+00:00\",\"dateModified\":\"2025-11-23T14:08:21+00:00\",\"breadcrumb\":{\"@id\":\"https:\\\/\\\/www.antiba.it\\\/conceria-sperimentale\\\/#breadcrumb\"},\"inLanguage\":\"en-US\",\"potentialAction\":[{\"@type\":\"ReadAction\",\"target\":[\"https:\\\/\\\/www.antiba.it\\\/conceria-sperimentale\\\/\"]}]},{\"@type\":\"ImageObject\",\"inLanguage\":\"en-US\",\"@id\":\"https:\\\/\\\/www.antiba.it\\\/conceria-sperimentale\\\/#primaryimage\",\"url\":\"https:\\\/\\\/www.antiba.it\\\/wp-content\\\/uploads\\\/2022\\\/12\\\/DSC_2268-scaled.webp\",\"contentUrl\":\"https:\\\/\\\/www.antiba.it\\\/wp-content\\\/uploads\\\/2022\\\/12\\\/DSC_2268-scaled.webp\"},{\"@type\":\"BreadcrumbList\",\"@id\":\"https:\\\/\\\/www.antiba.it\\\/conceria-sperimentale\\\/#breadcrumb\",\"itemListElement\":[{\"@type\":\"ListItem\",\"position\":1,\"name\":\"Home\",\"item\":\"https:\\\/\\\/www.antiba.it\\\/\"},{\"@type\":\"ListItem\",\"position\":2,\"name\":\"Experimental Tannery\"}]},{\"@type\":\"WebSite\",\"@id\":\"https:\\\/\\\/www.antiba.it\\\/#website\",\"url\":\"https:\\\/\\\/www.antiba.it\\\/\",\"name\":\"Antiba\",\"description\":\"Italian Luxury Tannery dal 1987\",\"publisher\":{\"@id\":\"https:\\\/\\\/www.antiba.it\\\/#organization\"},\"potentialAction\":[{\"@type\":\"SearchAction\",\"target\":{\"@type\":\"EntryPoint\",\"urlTemplate\":\"https:\\\/\\\/www.antiba.it\\\/?s={search_term_string}\"},\"query-input\":{\"@type\":\"PropertyValueSpecification\",\"valueRequired\":true,\"valueName\":\"search_term_string\"}}],\"inLanguage\":\"en-US\"},{\"@type\":\"Organization\",\"@id\":\"https:\\\/\\\/www.antiba.it\\\/#organization\",\"name\":\"Antiba\",\"url\":\"https:\\\/\\\/www.antiba.it\\\/\",\"logo\":{\"@type\":\"ImageObject\",\"inLanguage\":\"en-US\",\"@id\":\"https:\\\/\\\/www.antiba.it\\\/#\\\/schema\\\/logo\\\/image\\\/\",\"url\":\"https:\\\/\\\/www.antiba.it\\\/wp-content\\\/uploads\\\/2022\\\/06\\\/antiba.png\",\"contentUrl\":\"https:\\\/\\\/www.antiba.it\\\/wp-content\\\/uploads\\\/2022\\\/06\\\/antiba.png\",\"width\":536,\"height\":120,\"caption\":\"Antiba\"},\"image\":{\"@id\":\"https:\\\/\\\/www.antiba.it\\\/#\\\/schema\\\/logo\\\/image\\\/\"},\"sameAs\":[\"https:\\\/\\\/www.instagram.com\\\/conceria_antiba\\\/\",\"https:\\\/\\\/www.linkedin.com\\\/in\\\/conceria-antiba-spa\"]}]}<\/script>\n<!-- \/ Yoast SEO plugin. -->","yoast_head_json":{"title":"Experimental Tannery - Antiba","robots":{"index":"index","follow":"follow","max-snippet":"max-snippet:-1","max-image-preview":"max-image-preview:large","max-video-preview":"max-video-preview:-1"},"canonical":"https:\/\/www.antiba.it\/en\/conceria-sperimentale\/","og_locale":"en_US","og_type":"article","og_title":"Experimental Tannery - Antiba","og_description":"Conceria Sperimentale Antiba \u00e8 la conceria con cui prototipare Prototipazione e Ricerca L&#8217;azienda si \u00e8 imposta come partner fidato di molti clienti del lusso anche grazie alla capacit\u00e0 di prototipare nuovi articoli performanti sia da un punto di vista tecnico che estetico. La ricerca \u00e8 un&#8217;attivit\u00e0 trasversale in conceria e negli anni la sinergia tra [&hellip;]","og_url":"https:\/\/www.antiba.it\/en\/conceria-sperimentale\/","og_site_name":"Antiba","article_modified_time":"2025-11-23T14:08:21+00:00","og_image":[{"width":2560,"height":1708,"url":"https:\/\/www.antiba.it\/wp-content\/uploads\/2022\/12\/DSC_2268-scaled.webp","type":"image\/webp"}],"twitter_card":"summary_large_image","twitter_misc":{"Est. reading time":"2 minutes"},"schema":{"@context":"https:\/\/schema.org","@graph":[{"@type":"WebPage","@id":"https:\/\/www.antiba.it\/conceria-sperimentale\/","url":"https:\/\/www.antiba.it\/conceria-sperimentale\/","name":"Experimental Tannery - Antiba","isPartOf":{"@id":"https:\/\/www.antiba.it\/#website"},"primaryImageOfPage":{"@id":"https:\/\/www.antiba.it\/conceria-sperimentale\/#primaryimage"},"image":{"@id":"https:\/\/www.antiba.it\/conceria-sperimentale\/#primaryimage"},"thumbnailUrl":"https:\/\/www.antiba.it\/wp-content\/uploads\/2022\/12\/DSC_2268-scaled.webp","datePublished":"2022-11-26T13:42:15+00:00","dateModified":"2025-11-23T14:08:21+00:00","breadcrumb":{"@id":"https:\/\/www.antiba.it\/conceria-sperimentale\/#breadcrumb"},"inLanguage":"en-US","potentialAction":[{"@type":"ReadAction","target":["https:\/\/www.antiba.it\/conceria-sperimentale\/"]}]},{"@type":"ImageObject","inLanguage":"en-US","@id":"https:\/\/www.antiba.it\/conceria-sperimentale\/#primaryimage","url":"https:\/\/www.antiba.it\/wp-content\/uploads\/2022\/12\/DSC_2268-scaled.webp","contentUrl":"https:\/\/www.antiba.it\/wp-content\/uploads\/2022\/12\/DSC_2268-scaled.webp"},{"@type":"BreadcrumbList","@id":"https:\/\/www.antiba.it\/conceria-sperimentale\/#breadcrumb","itemListElement":[{"@type":"ListItem","position":1,"name":"Home","item":"https:\/\/www.antiba.it\/"},{"@type":"ListItem","position":2,"name":"Experimental Tannery"}]},{"@type":"WebSite","@id":"https:\/\/www.antiba.it\/#website","url":"https:\/\/www.antiba.it\/","name":"Antiba","description":"Italian Luxury Tannery dal 1987","publisher":{"@id":"https:\/\/www.antiba.it\/#organization"},"potentialAction":[{"@type":"SearchAction","target":{"@type":"EntryPoint","urlTemplate":"https:\/\/www.antiba.it\/?s={search_term_string}"},"query-input":{"@type":"PropertyValueSpecification","valueRequired":true,"valueName":"search_term_string"}}],"inLanguage":"en-US"},{"@type":"Organization","@id":"https:\/\/www.antiba.it\/#organization","name":"Antiba","url":"https:\/\/www.antiba.it\/","logo":{"@type":"ImageObject","inLanguage":"en-US","@id":"https:\/\/www.antiba.it\/#\/schema\/logo\/image\/","url":"https:\/\/www.antiba.it\/wp-content\/uploads\/2022\/06\/antiba.png","contentUrl":"https:\/\/www.antiba.it\/wp-content\/uploads\/2022\/06\/antiba.png","width":536,"height":120,"caption":"Antiba"},"image":{"@id":"https:\/\/www.antiba.it\/#\/schema\/logo\/image\/"},"sameAs":["https:\/\/www.instagram.com\/conceria_antiba\/","https:\/\/www.linkedin.com\/in\/conceria-antiba-spa"]}]}},"_links":{"self":[{"href":"https:\/\/www.antiba.it\/en\/wp-json\/wp\/v2\/pages\/3775","targetHints":{"allow":["GET"]}}],"collection":[{"href":"https:\/\/www.antiba.it\/en\/wp-json\/wp\/v2\/pages"}],"about":[{"href":"https:\/\/www.antiba.it\/en\/wp-json\/wp\/v2\/types\/page"}],"author":[{"embeddable":true,"href":"https:\/\/www.antiba.it\/en\/wp-json\/wp\/v2\/users\/1"}],"replies":[{"embeddable":true,"href":"https:\/\/www.antiba.it\/en\/wp-json\/wp\/v2\/comments?post=3775"}],"version-history":[{"count":21,"href":"https:\/\/www.antiba.it\/en\/wp-json\/wp\/v2\/pages\/3775\/revisions"}],"predecessor-version":[{"id":6145,"href":"https:\/\/www.antiba.it\/en\/wp-json\/wp\/v2\/pages\/3775\/revisions\/6145"}],"wp:attachment":[{"href":"https:\/\/www.antiba.it\/en\/wp-json\/wp\/v2\/media?parent=3775"}],"curies":[{"name":"wp","href":"https:\/\/api.w.org\/{rel}","templated":true}]}}